{"id":11,"date":"2021-09-09T16:06:49","date_gmt":"2021-09-09T14:06:49","guid":{"rendered":"https:\/\/wengermetallbau.de\/?page_id=11"},"modified":"2024-11-17T16:03:14","modified_gmt":"2024-11-17T15:03:14","slug":"ueber-mich","status":"publish","type":"page","link":"https:\/\/wengermetallbau.de\/index.php\/ueber-mich\/","title":{"rendered":"\u00dcber mich"},"content":{"rendered":"\n<p>Mein Name ist G\u00fcnther Wenger.<br>Ich bin der Gr\u00fcnder der Firma Metallbau &#8211; Maschinenbau Wenger.<\/p>\n\n\n\n<p>Meine Ausbildung zum Maschinenschlosser habe ich bei der Fa. Esterer AG (S\u00e4gewerkseinrichtungen und F\u00f6rderanlagen) in Alt\u00f6tting absolviert. <\/p>\n\n\n\n<p>1991 habe ich eine Weiterbildung zum Industriemeister (Maschinenbau- Betriebstechnik) abgeschlossen.<\/p>\n\n\n\n<p>1995 folgte eine Weiterbildung zum Maschinenbautechniker bei der privaten, technischen Lehranstalt Eckert in Regensburg &#8211; Regenstauf.<\/p>\n\n\n\n<p>Seit 2005 arbeite ich selbst\u00e4ndig im Bereich der Herstellung und Montage von Metallkonstruktionen jeglicher Art.<\/p>\n\n\n\n<p><span style=\"color:#0f1cc9\" class=\"has-inline-color\">Ich arbeite f\u00fcr Sie mit Pr\u00e4zision, Zuverl\u00e4ssigkeit und Partnerschaftlichkeit f\u00fcr das Beste, das man aus Metall machen kann. <\/span><span style=\"color:#1c36bc\" class=\"has-inline-color\"><br><\/span><\/p>\n","protected":false},"excerpt":{"rendered":"<p>Mein Name ist G\u00fcnther Wenger.Ich bin der Gr\u00fcnder der Firma Metallbau &#8211; Maschinenbau Wenger. Meine Ausbildung zum Maschinenschlosser habe ich bei der Fa. Esterer AG (S\u00e4gewerkseinrichtungen und F\u00f6rderanlagen) in Alt\u00f6tting absolviert. 1991 habe ich eine Weiterbildung zum Industriemeister (Maschinenbau- Betriebstechnik) abgeschlossen. 1995 folgte eine Weiterbildung zum Maschinenbautechniker bei der privaten, technischen Lehranstalt Eckert in Regensburg [&hellip;]<\/p>\n","protected":false},"author":1,"featured_media":0,"parent":0,"menu_order":0,"comment_status":"closed","ping_status":"closed","template":"","meta":{"ngg_post_thumbnail":0,"footnotes":""},"class_list":["post-11","page","type-page","status-publish","czr-hentry"],"_links":{"self":[{"href":"https:\/\/wengermetallbau.de\/index.php\/wp-json\/wp\/v2\/pages\/11","targetHints":{"allow":["GET"]}}],"collection":[{"href":"https:\/\/wengermetallbau.de\/index.php\/wp-json\/wp\/v2\/pages"}],"about":[{"href":"https:\/\/wengermetallbau.de\/index.php\/wp-json\/wp\/v2\/types\/page"}],"author":[{"embeddable":true,"href":"https:\/\/wengermetallbau.de\/index.php\/wp-json\/wp\/v2\/users\/1"}],"replies":[{"embeddable":true,"href":"https:\/\/wengermetallbau.de\/index.php\/wp-json\/wp\/v2\/comments?post=11"}],"version-history":[{"count":7,"href":"https:\/\/wengermetallbau.de\/index.php\/wp-json\/wp\/v2\/pages\/11\/revisions"}],"predecessor-version":[{"id":97,"href":"https:\/\/wengermetallbau.de\/index.php\/wp-json\/wp\/v2\/pages\/11\/revisions\/97"}],"wp:attachment":[{"href":"https:\/\/wengermetallbau.de\/index.php\/wp-json\/wp\/v2\/media?parent=11"}],"curies":[{"name":"wp","href":"https:\/\/api.w.org\/{rel}","templated":true}]}}