{"id":10,"date":"2021-09-09T16:06:49","date_gmt":"2021-09-09T14:06:49","guid":{"rendered":"https:\/\/wengermetallbau.de\/?page_id=10"},"modified":"2025-10-05T21:03:08","modified_gmt":"2025-10-05T19:03:08","slug":"gestalte-deine-website-mit-bloecken","status":"publish","type":"page","link":"https:\/\/wengermetallbau.de\/","title":{"rendered":"Der Betrieb"},"content":{"rendered":"\n<h2 class=\"wp-block-heading alignwide has-text-align-wide has-gigantic-font-size\" style=\"line-height:1.1\">Der Betrieb<\/h2>\n\n\n\n<p>wurde 2005 gegr\u00fcndet. Seit 18 Jahren montieren und fertigen wir im Auftrag von namhaften Firmen im Innen- und Au\u00dfenbereich.<br><br>Ebenso sind wir f\u00fcr den privaten Bauherrn t\u00e4tig. Wir fertigen und installieren Metallbauteile nach Wunsch und bauseitigen Angaben.<br>Nat\u00fcrlich \u00fcbernehmen wir auch die komplette Planung f\u00fcr Sie.<\/p>\n\n\n\n<div class=\"wp-block-group\"><div class=\"wp-block-group__inner-container is-layout-constrained wp-block-group-is-layout-constrained\">\n<div class=\"wp-block-columns is-layout-flex wp-container-core-columns-is-layout-9d6595d7 wp-block-columns-is-layout-flex\">\n<div class=\"wp-block-column is-layout-flow wp-block-column-is-layout-flow\" style=\"flex-basis:100%\">\n<div class=\"wp-block-media-text is-stacked-on-mobile\" style=\"grid-template-columns:15% auto\"><figure class=\"wp-block-media-text__media\"><img loading=\"lazy\" decoding=\"async\" width=\"237\" height=\"237\" src=\"https:\/\/wengermetallbau.de\/wp-content\/uploads\/2025\/10\/din-en-1090-1.png\" alt=\"\" class=\"wp-image-539 size-full\" srcset=\"https:\/\/wengermetallbau.de\/wp-content\/uploads\/2025\/10\/din-en-1090-1.png 237w, https:\/\/wengermetallbau.de\/wp-content\/uploads\/2025\/10\/din-en-1090-1-150x150.png 150w\" sizes=\"auto, (max-width: 237px) 100vw, 237px\" \/><\/figure><div class=\"wp-block-media-text__content\">\n<p><strong>Wir sind nach EN 1090-1 &amp; EN 1090-2 EXC 2 f\u00fcr tragende Bauteile aus Stahl zertifiziert.<\/strong><\/p>\n\n\n\n<p><a href=\"https:\/\/wengermetallbau.de\/wp-content\/uploads\/2025\/10\/Zertifikat-2374-CPR-2930-1-scaled.jpg\"><mark style=\"background-color:rgba(0, 0, 0, 0)\" class=\"has-inline-color has-vivid-cyan-blue-color\">Zertifikat \u00fcber die Werkseigene Produktionskontrolle.<\/mark><\/a><\/p>\n\n\n\n<p><a href=\"https:\/\/wengermetallbau.de\/wp-content\/uploads\/2025\/10\/Zertifikat-MZ.1090-2.2930-01-1-1-scaled.jpg\" data-type=\"link\" data-id=\"https:\/\/wengermetallbau.de\/wp-content\/uploads\/2025\/10\/Zertifikat-MZ.1090-2.2930-01-1-1-scaled.jpg\"><mark style=\"background-color:rgba(0, 0, 0, 0)\" class=\"has-inline-color has-vivid-cyan-blue-color\">Schwei\u00dfzertifikat bis EXC2 nach EN 1090-2.<\/mark><\/a><\/p>\n<\/div><\/div>\n<\/div>\n<\/div>\n<\/div><\/div>\n\n\n\n<p>Wir Fertigen und Montieren: <\/p>\n\n\n\n<ul class=\"wp-block-list has-medium-font-size\">\n<li>Balkongel\u00e4nder<\/li>\n\n\n\n<li>Treppengel\u00e4nder<\/li>\n\n\n\n<li>Z\u00e4une<\/li>\n\n\n\n<li>Podeste<\/li>\n\n\n\n<li>Tore<\/li>\n\n\n\n<li>Vord\u00e4cher <\/li>\n<\/ul>\n\n\n\n<p>Wir erstellen nach Ihren Angaben auch Einzelst\u00fccke nach Ma\u00df, f\u00fcr Privat, Industrie und Gro\u00dfindustrie. Zum Beispiel:<\/p>\n\n\n\n<ul class=\"wp-block-list has-medium-font-size\">\n<li> Schwei\u00dfrahmen<\/li>\n\n\n\n<li>Gestelle f\u00fcr Anlagen<\/li>\n\n\n\n<li>H\u00e4ngevorrichtungen<\/li>\n<\/ul>\n\n\n\n<p>Wir verarbeiten s\u00e4mtliche Metalle wie Stahl, Edelstahl, Aluminium. Nat\u00fcrlich liefern wir Stahl nach Ihren W\u00fcnschen verzinkt und\/oder gepulvert.<\/p>\n\n\n\n<p>Wenn Sie Bedarf an unseren Leistungen haben, oder sich n\u00e4her informieren wollen, k\u00f6nnen Sie gerne unter Telefon 0171-99 34 99 6 oder \u00fcber das <a href=\"https:\/\/wengermetallbau.de\/index.php\/kontakt\/\" target=\"_blank\" rel=\"noreferrer noopener nofollow\">Formular<\/a> Kontakt aufnehmen.<\/p>\n","protected":false},"excerpt":{"rendered":"<p>Der Betrieb wurde 2005 gegr\u00fcndet. Seit 18 Jahren montieren und fertigen wir im Auftrag von namhaften Firmen im Innen- und Au\u00dfenbereich. Ebenso sind wir f\u00fcr den privaten Bauherrn t\u00e4tig. Wir fertigen und installieren Metallbauteile nach Wunsch und bauseitigen Angaben.Nat\u00fcrlich \u00fcbernehmen wir auch die komplette Planung f\u00fcr Sie. Wir sind nach EN 1090-1 &amp; EN 1090-2 [&hellip;]<\/p>\n","protected":false},"author":1,"featured_media":0,"parent":0,"menu_order":0,"comment_status":"closed","ping_status":"closed","template":"","meta":{"ngg_post_thumbnail":0,"footnotes":""},"class_list":["post-10","page","type-page","status-publish","czr-hentry"],"_links":{"self":[{"href":"https:\/\/wengermetallbau.de\/index.php\/wp-json\/wp\/v2\/pages\/10","targetHints":{"allow":["GET"]}}],"collection":[{"href":"https:\/\/wengermetallbau.de\/index.php\/wp-json\/wp\/v2\/pages"}],"about":[{"href":"https:\/\/wengermetallbau.de\/index.php\/wp-json\/wp\/v2\/types\/page"}],"author":[{"embeddable":true,"href":"https:\/\/wengermetallbau.de\/index.php\/wp-json\/wp\/v2\/users\/1"}],"replies":[{"embeddable":true,"href":"https:\/\/wengermetallbau.de\/index.php\/wp-json\/wp\/v2\/comments?post=10"}],"version-history":[{"count":23,"href":"https:\/\/wengermetallbau.de\/index.php\/wp-json\/wp\/v2\/pages\/10\/revisions"}],"predecessor-version":[{"id":549,"href":"https:\/\/wengermetallbau.de\/index.php\/wp-json\/wp\/v2\/pages\/10\/revisions\/549"}],"wp:attachment":[{"href":"https:\/\/wengermetallbau.de\/index.php\/wp-json\/wp\/v2\/media?parent=10"}],"curies":[{"name":"wp","href":"https:\/\/api.w.org\/{rel}","templated":true}]}}